{"id":12993,"date":"2010-06-10T19:31:17","date_gmt":"2010-06-10T19:31:17","guid":{"rendered":"https:\/\/sachacalmon-rj.com.br\/noticias-2\/"},"modified":"2014-12-16T10:22:11","modified_gmt":"2014-12-16T12:22:11","slug":"news","status":"publish","type":"page","link":"https:\/\/sachacalmon-rj.com.br\/en\/publications\/news\/","title":{"rendered":"News"},"content":{"rendered":"<p>In this section, you can see the news related to Sacha Calmon \u2013 Misabel Derzi Consultores e Advogados and to the world of Tax Law.<\/p>\n<p>Currently there is no content in english for this session, please browse trough the <a href=\"https:\/\/sachacalmon-rj.com.br\/noticias\/\">portuguese content<\/a>.<\/p>\n","protected":false},"excerpt":{"rendered":"<p>In this section, you can see the news related to Sacha Calmon \u2013 Misabel Derzi Consultores e Advogados and to the world of Tax Law. Currently there is no content in english for this session, please browse trough the portuguese content.<\/p>\n","protected":false},"author":1,"featured_media":13091,"parent":12989,"menu_order":12,"comment_status":"closed","ping_status":"closed","template":"","meta":{"_acf_changed":false,"_et_pb_use_builder":"on","_et_pb_old_content":"","_et_gb_content_width":"","footnotes":""},"class_list":["post-12993","page","type-page","status-publish","has-post-thumbnail","hentry"],"acf":[],"yoast_head":"<!-- This site is optimized with the Yoast SEO plugin v23.3 - https:\/\/yoast.com\/wordpress\/plugins\/seo\/ -->\n<title>News<\/title>\n<meta name=\"description\" content=\"In this section, you can see the news related to Sacha Calmon \u2013 Misabel Derzi Consultores e Advogados and to the world of Tax Law. Currently there is no\" \/>\n<meta name=\"robots\" content=\"index, follow, max-snippet:-1, max-image-preview:large, max-video-preview:-1\" \/>\n<link rel=\"canonical\" href=\"https:\/\/sachacalmon-rj.com.br\/en\/publications\/news\/\" \/>\n<meta property=\"og:locale\" content=\"en_US\" \/>\n<meta property=\"og:type\" content=\"article\" \/>\n<meta property=\"og:title\" content=\"News\" \/>\n<meta property=\"og:description\" content=\"In this section, you can see the news related to Sacha Calmon \u2013 Misabel Derzi Consultores e Advogados and to the world of Tax Law. Currently there is no\" \/>\n<meta property=\"og:url\" content=\"https:\/\/sachacalmon-rj.com.br\/en\/publications\/news\/\" \/>\n<meta property=\"og:site_name\" content=\"Sacha Calmon Misabel Derzi Advogados\" \/>\n<meta property=\"article:publisher\" content=\"https:\/\/www.facebook.com\/scalmonmderzi\" \/>\n<meta property=\"article:modified_time\" content=\"2014-12-16T12:22:11+00:00\" \/>\n<meta property=\"og:image\" content=\"https:\/\/sachacalmon-rj.com.br\/wp-content\/uploads\/2010\/06\/publicacoes-destacada.jpg\" \/>\n\t<meta property=\"og:image:width\" content=\"2000\" \/>\n\t<meta property=\"og:image:height\" content=\"729\" \/>\n\t<meta property=\"og:image:type\" content=\"image\/jpeg\" \/>\n<script type=\"application\/ld+json\" class=\"yoast-schema-graph\">{\"@context\":\"https:\/\/schema.org\",\"@graph\":[{\"@type\":\"WebPage\",\"@id\":\"https:\/\/sachacalmon-rj.com.br\/en\/publications\/news\/\",\"url\":\"https:\/\/sachacalmon-rj.com.br\/en\/publications\/news\/\",\"name\":\"News\",\"isPartOf\":{\"@id\":\"https:\/\/sachacalmon-rj.com.br\/#website\"},\"primaryImageOfPage\":{\"@id\":\"https:\/\/sachacalmon-rj.com.br\/en\/publications\/news\/#primaryimage\"},\"image\":{\"@id\":\"https:\/\/sachacalmon-rj.com.br\/en\/publications\/news\/#primaryimage\"},\"thumbnailUrl\":\"https:\/\/sachacalmon-rj.com.br\/wp-content\/uploads\/2010\/06\/publicacoes-destacada.jpg\",\"datePublished\":\"2010-06-10T19:31:17+00:00\",\"dateModified\":\"2014-12-16T12:22:11+00:00\",\"description\":\"In this section, you can see the news related to Sacha Calmon \u2013 Misabel Derzi Consultores e Advogados and to the world of Tax Law. Currently there is no\",\"breadcrumb\":{\"@id\":\"https:\/\/sachacalmon-rj.com.br\/en\/publications\/news\/#breadcrumb\"},\"inLanguage\":\"en-US\",\"potentialAction\":[{\"@type\":\"ReadAction\",\"target\":[\"https:\/\/sachacalmon-rj.com.br\/en\/publications\/news\/\"]}]},{\"@type\":\"ImageObject\",\"inLanguage\":\"en-US\",\"@id\":\"https:\/\/sachacalmon-rj.com.br\/en\/publications\/news\/#primaryimage\",\"url\":\"https:\/\/sachacalmon-rj.com.br\/wp-content\/uploads\/2010\/06\/publicacoes-destacada.jpg\",\"contentUrl\":\"https:\/\/sachacalmon-rj.com.br\/wp-content\/uploads\/2010\/06\/publicacoes-destacada.jpg\",\"width\":2000,\"height\":729},{\"@type\":\"BreadcrumbList\",\"@id\":\"https:\/\/sachacalmon-rj.com.br\/en\/publications\/news\/#breadcrumb\",\"itemListElement\":[{\"@type\":\"ListItem\",\"position\":1,\"name\":\"Publications\",\"item\":\"https:\/\/sachacalmon-rj.com.br\/en\/publications\/\"},{\"@type\":\"ListItem\",\"position\":2,\"name\":\"News\"}]},{\"@type\":\"WebSite\",\"@id\":\"https:\/\/sachacalmon-rj.com.br\/#website\",\"url\":\"https:\/\/sachacalmon-rj.com.br\/\",\"name\":\"Sacha Calmon Misabel Derzi Advogados\",\"description\":\"Refer\u00eancia Nacional em Direito Tribut\u00e1rio, o Sacha Calmon Misabel Derzi atua em todo o territ\u00f3rio nacional e conta com unidades em BH, SP, RJ e DF.\",\"publisher\":{\"@id\":\"https:\/\/sachacalmon-rj.com.br\/#organization\"},\"potentialAction\":[{\"@type\":\"SearchAction\",\"target\":{\"@type\":\"EntryPoint\",\"urlTemplate\":\"https:\/\/sachacalmon-rj.com.br\/?s={search_term_string}\"},\"query-input\":\"required name=search_term_string\"}],\"inLanguage\":\"en-US\"},{\"@type\":\"Organization\",\"@id\":\"https:\/\/sachacalmon-rj.com.br\/#organization\",\"name\":\"Sacha Calmon Misabel Derzi Advogados\",\"url\":\"https:\/\/sachacalmon-rj.com.br\/\",\"logo\":{\"@type\":\"ImageObject\",\"inLanguage\":\"en-US\",\"@id\":\"https:\/\/sachacalmon-rj.com.br\/#\/schema\/logo\/image\/\",\"url\":\"https:\/\/sachacalmon-rj.com.br\/wp-content\/uploads\/2024\/07\/Group-7.png\",\"contentUrl\":\"https:\/\/sachacalmon-rj.com.br\/wp-content\/uploads\/2024\/07\/Group-7.png\",\"width\":457,\"height\":126,\"caption\":\"Sacha Calmon Misabel Derzi Advogados\"},\"image\":{\"@id\":\"https:\/\/sachacalmon-rj.com.br\/#\/schema\/logo\/image\/\"},\"sameAs\":[\"https:\/\/www.facebook.com\/scalmonmderzi\",\"https:\/\/www.linkedin.com\/company\/scmd\/\",\"https:\/\/www.instagram.com\/sachacalmon_advogados\/\",\"https:\/\/vimeo.com\/sachacalmon\"]}]}<\/script>\n<!-- \/ Yoast SEO plugin. -->","yoast_head_json":{"title":"News","description":"In this section, you can see the news related to Sacha Calmon \u2013 Misabel Derzi Consultores e Advogados and to the world of Tax Law. Currently there is no","robots":{"index":"index","follow":"follow","max-snippet":"max-snippet:-1","max-image-preview":"max-image-preview:large","max-video-preview":"max-video-preview:-1"},"canonical":"https:\/\/sachacalmon-rj.com.br\/en\/publications\/news\/","og_locale":"en_US","og_type":"article","og_title":"News","og_description":"In this section, you can see the news related to Sacha Calmon \u2013 Misabel Derzi Consultores e Advogados and to the world of Tax Law. Currently there is no","og_url":"https:\/\/sachacalmon-rj.com.br\/en\/publications\/news\/","og_site_name":"Sacha Calmon Misabel Derzi Advogados","article_publisher":"https:\/\/www.facebook.com\/scalmonmderzi","article_modified_time":"2014-12-16T12:22:11+00:00","og_image":[{"width":2000,"height":729,"url":"https:\/\/sachacalmon-rj.com.br\/wp-content\/uploads\/2010\/06\/publicacoes-destacada.jpg","type":"image\/jpeg"}],"schema":{"@context":"https:\/\/schema.org","@graph":[{"@type":"WebPage","@id":"https:\/\/sachacalmon-rj.com.br\/en\/publications\/news\/","url":"https:\/\/sachacalmon-rj.com.br\/en\/publications\/news\/","name":"News","isPartOf":{"@id":"https:\/\/sachacalmon-rj.com.br\/#website"},"primaryImageOfPage":{"@id":"https:\/\/sachacalmon-rj.com.br\/en\/publications\/news\/#primaryimage"},"image":{"@id":"https:\/\/sachacalmon-rj.com.br\/en\/publications\/news\/#primaryimage"},"thumbnailUrl":"https:\/\/sachacalmon-rj.com.br\/wp-content\/uploads\/2010\/06\/publicacoes-destacada.jpg","datePublished":"2010-06-10T19:31:17+00:00","dateModified":"2014-12-16T12:22:11+00:00","description":"In this section, you can see the news related to Sacha Calmon \u2013 Misabel Derzi Consultores e Advogados and to the world of Tax Law. Currently there is no","breadcrumb":{"@id":"https:\/\/sachacalmon-rj.com.br\/en\/publications\/news\/#breadcrumb"},"inLanguage":"en-US","potentialAction":[{"@type":"ReadAction","target":["https:\/\/sachacalmon-rj.com.br\/en\/publications\/news\/"]}]},{"@type":"ImageObject","inLanguage":"en-US","@id":"https:\/\/sachacalmon-rj.com.br\/en\/publications\/news\/#primaryimage","url":"https:\/\/sachacalmon-rj.com.br\/wp-content\/uploads\/2010\/06\/publicacoes-destacada.jpg","contentUrl":"https:\/\/sachacalmon-rj.com.br\/wp-content\/uploads\/2010\/06\/publicacoes-destacada.jpg","width":2000,"height":729},{"@type":"BreadcrumbList","@id":"https:\/\/sachacalmon-rj.com.br\/en\/publications\/news\/#breadcrumb","itemListElement":[{"@type":"ListItem","position":1,"name":"Publications","item":"https:\/\/sachacalmon-rj.com.br\/en\/publications\/"},{"@type":"ListItem","position":2,"name":"News"}]},{"@type":"WebSite","@id":"https:\/\/sachacalmon-rj.com.br\/#website","url":"https:\/\/sachacalmon-rj.com.br\/","name":"Sacha Calmon Misabel Derzi Advogados","description":"Refer\u00eancia Nacional em Direito Tribut\u00e1rio, o Sacha Calmon Misabel Derzi atua em todo o territ\u00f3rio nacional e conta com unidades em BH, SP, RJ e DF.","publisher":{"@id":"https:\/\/sachacalmon-rj.com.br\/#organization"},"potentialAction":[{"@type":"SearchAction","target":{"@type":"EntryPoint","urlTemplate":"https:\/\/sachacalmon-rj.com.br\/?s={search_term_string}"},"query-input":"required name=search_term_string"}],"inLanguage":"en-US"},{"@type":"Organization","@id":"https:\/\/sachacalmon-rj.com.br\/#organization","name":"Sacha Calmon Misabel Derzi Advogados","url":"https:\/\/sachacalmon-rj.com.br\/","logo":{"@type":"ImageObject","inLanguage":"en-US","@id":"https:\/\/sachacalmon-rj.com.br\/#\/schema\/logo\/image\/","url":"https:\/\/sachacalmon-rj.com.br\/wp-content\/uploads\/2024\/07\/Group-7.png","contentUrl":"https:\/\/sachacalmon-rj.com.br\/wp-content\/uploads\/2024\/07\/Group-7.png","width":457,"height":126,"caption":"Sacha Calmon Misabel Derzi Advogados"},"image":{"@id":"https:\/\/sachacalmon-rj.com.br\/#\/schema\/logo\/image\/"},"sameAs":["https:\/\/www.facebook.com\/scalmonmderzi","https:\/\/www.linkedin.com\/company\/scmd\/","https:\/\/www.instagram.com\/sachacalmon_advogados\/","https:\/\/vimeo.com\/sachacalmon"]}]}},"_links":{"self":[{"href":"https:\/\/sachacalmon-rj.com.br\/en\/wp-json\/wp\/v2\/pages\/12993"}],"collection":[{"href":"https:\/\/sachacalmon-rj.com.br\/en\/wp-json\/wp\/v2\/pages"}],"about":[{"href":"https:\/\/sachacalmon-rj.com.br\/en\/wp-json\/wp\/v2\/types\/page"}],"author":[{"embeddable":true,"href":"https:\/\/sachacalmon-rj.com.br\/en\/wp-json\/wp\/v2\/users\/1"}],"replies":[{"embeddable":true,"href":"https:\/\/sachacalmon-rj.com.br\/en\/wp-json\/wp\/v2\/comments?post=12993"}],"version-history":[{"count":0,"href":"https:\/\/sachacalmon-rj.com.br\/en\/wp-json\/wp\/v2\/pages\/12993\/revisions"}],"up":[{"embeddable":true,"href":"https:\/\/sachacalmon-rj.com.br\/en\/wp-json\/wp\/v2\/pages\/12989"}],"wp:featuredmedia":[{"embeddable":true,"href":"https:\/\/sachacalmon-rj.com.br\/en\/wp-json\/wp\/v2\/media\/13091"}],"wp:attachment":[{"href":"https:\/\/sachacalmon-rj.com.br\/en\/wp-json\/wp\/v2\/media?parent=12993"}],"curies":[{"name":"wp","href":"https:\/\/api.w.org\/{rel}","templated":true}]}}